{"id":127,"date":"2013-11-21T00:44:55","date_gmt":"2013-11-20T23:44:55","guid":{"rendered":"http:\/\/location-vernay.com\/wordpress\/?page_id=127"},"modified":"2025-12-08T16:11:57","modified_gmt":"2025-12-08T15:11:57","slug":"tarifs","status":"publish","type":"page","link":"https:\/\/location-vernay.com\/wordpress\/tarifs\/","title":{"rendered":"Tarifs"},"content":{"rendered":"\n<table id=\"tablepress-10\" class=\"tablepress tablepress-id-10\">\n<thead>\n<tr class=\"row-1\">\n\t<th class=\"column-1\">Ann\u00e9e 2026<\/th><th class=\"column-2\">Semaine<\/th><th class=\"column-3\">Forfait Curistes<br \/>\n3 semaines<\/th>\n<\/tr>\n<\/thead>\n<tbody class=\"row-hover\">\n<tr class=\"row-2\">\n\t<td class=\"column-1\">PRINTEMPS - ETE<br \/>\n<br \/>\n     De mai \u00e0 sept inclus<\/td><td class=\"column-2\">490\u20ac<\/td><td class=\"column-3\">1 320 \u20ac<\/td>\n<\/tr>\n<tr class=\"row-3\">\n\t<td class=\"column-1\">AUTOMNE - HIVER<br \/>\n<br \/>\n     De jan \u00e0 avr inclus<br \/>\n     et d'oct \u00e0 dec inclus<br \/>\n<\/td><td class=\"column-2\">420\u20ac<\/td><td class=\"column-3\">1100 \u20ac<\/td>\n<\/tr>\n<tr class=\"row-4\">\n\t<td class=\"column-1\"><br \/>\nNO\u00cbL et JOUR DE L'AN<\/td><td class=\"column-2\"><br \/>\n450 \u20ac<\/td><td class=\"column-3\"><\/td>\n<\/tr>\n<\/tbody>\n<\/table>\n<!-- #tablepress-10 from cache -->\n<hr>\n<h2 style=\"padding-left: 30px;\">Nos tarifs 2026 :<\/h2>\n<ul>\n<li>S&rsquo;entendent pour 2 personnes<\/li>\n<li>Toutes charges comprises (eau, \u00e9lectricit\u00e9, eau chaude et chauffage inclus)<\/li>\n<li>Taxe de s\u00e9jour en sus : 1,60 \u20ac par nuit\u00e9e et par personne (mineurs exon\u00e9r\u00e9s). Cette taxe est revers\u00e9e int\u00e9gralement \u00e0 la M\u00e9tropole.<\/li>\n<li>Surcapacit\u00e9 payante : compter environ +10% sur le tarif pratiqu\u00e9 pour 3 personnes, +20% pour 4 personnes. Nous contacter pour obtenir un devis personnalis\u00e9.<\/li>\n<\/ul>\n<h2 style=\"padding-left: 30px;\">Services EN OPTION :<\/h2>\n<ul>\n<li>Lits faits \u00e0 l\u2019arriv\u00e9e :&nbsp; &nbsp; &nbsp; &nbsp; &nbsp; &nbsp; &nbsp; &nbsp; 20 \u20ac par lit<\/li>\n<li>M\u00e9nage de fin de s\u00e9jour :&nbsp; &nbsp; &nbsp; 90 \u20ac<\/li>\n<\/ul>\n<h2 style=\"padding-left: 30px;\">Autres services OFFERTS :<\/h2>\n<ul>\n<li>Acc\u00e8s Wifi gratuit<\/li>\n<li>Kit B\u00e9b\u00e9 sur demande, gratuit<\/li>\n<li>Produits m\u00e9nagers et tapis de bain disponibles gratuitement dans le g\u00eete <del><\/del><\/li>\n<\/ul>\n<h2 style=\"padding-left: 30px;\">Horaires :<\/h2>\n<ul>\n<li>Du samedi 17h au samedi 10h<\/li>\n<\/ul>\n<h2 style=\"padding-left: 30px;\">Modes de Paiement Accept\u00e9s :<\/h2>\n<ul>\n<li>Virements<\/li>\n<li>Ch\u00e8ques Bancaires<\/li>\n<li>Esp\u00e8ces<\/li>\n<li>Paypal<\/li>\n<\/ul>\n\n\n<p><\/p>\n","protected":false},"excerpt":{"rendered":"<p>Nos tarifs 2026 : S&rsquo;entendent pour 2 personnes Toutes charges comprises (eau, \u00e9lectricit\u00e9, eau chaude et chauffage inclus) Taxe de s\u00e9jour en sus : 1,60 \u20ac par nuit\u00e9e et par personne (mineurs exon\u00e9r\u00e9s). Cette taxe est revers\u00e9e int\u00e9gralement \u00e0 la M\u00e9tropole. Surcapacit\u00e9 payante : compter environ +10% sur le tarif pratiqu\u00e9 pour 3 personnes, +20%&#8230; <\/p>\n<div class=\"link-more\"><a href=\"https:\/\/location-vernay.com\/wordpress\/tarifs\/\">En savoir plus<\/a><\/div>\n","protected":false},"author":1,"featured_media":0,"parent":0,"menu_order":0,"comment_status":"closed","ping_status":"closed","template":"","meta":{"ngg_post_thumbnail":0,"footnotes":""},"class_list":["post-127","page","type-page","status-publish","hentry"],"_links":{"self":[{"href":"https:\/\/location-vernay.com\/wordpress\/wp-json\/wp\/v2\/pages\/127","targetHints":{"allow":["GET"]}}],"collection":[{"href":"https:\/\/location-vernay.com\/wordpress\/wp-json\/wp\/v2\/pages"}],"about":[{"href":"https:\/\/location-vernay.com\/wordpress\/wp-json\/wp\/v2\/types\/page"}],"author":[{"embeddable":true,"href":"https:\/\/location-vernay.com\/wordpress\/wp-json\/wp\/v2\/users\/1"}],"replies":[{"embeddable":true,"href":"https:\/\/location-vernay.com\/wordpress\/wp-json\/wp\/v2\/comments?post=127"}],"version-history":[{"count":58,"href":"https:\/\/location-vernay.com\/wordpress\/wp-json\/wp\/v2\/pages\/127\/revisions"}],"predecessor-version":[{"id":1772,"href":"https:\/\/location-vernay.com\/wordpress\/wp-json\/wp\/v2\/pages\/127\/revisions\/1772"}],"wp:attachment":[{"href":"https:\/\/location-vernay.com\/wordpress\/wp-json\/wp\/v2\/media?parent=127"}],"curies":[{"name":"wp","href":"https:\/\/api.w.org\/{rel}","templated":true}]}}