{"id":145,"date":"2013-11-21T23:39:17","date_gmt":"2013-11-21T22:39:17","guid":{"rendered":"http:\/\/location-vernay.com\/wordpress\/?page_id=145"},"modified":"2026-04-16T18:24:54","modified_gmt":"2026-04-16T17:24:54","slug":"disponibilites","status":"publish","type":"page","link":"https:\/\/location-vernay.com\/wordpress\/disponibilites\/","title":{"rendered":"Disponibilit\u00e9s"},"content":{"rendered":"\t\t<div data-elementor-type=\"wp-page\" data-elementor-id=\"145\" class=\"elementor elementor-145\">\n\t\t\t\t\t\t<section class=\"elementor-section elementor-top-section elementor-element elementor-element-691b662a elementor-section-boxed elementor-section-height-default elementor-section-height-default\" data-id=\"691b662a\" data-element_type=\"section\" data-e-type=\"section\">\n\t\t\t\t\t\t<div class=\"elementor-container elementor-column-gap-default\">\n\t\t\t\t\t<div class=\"elementor-column elementor-col-100 elementor-top-column elementor-element elementor-element-10dd896d\" data-id=\"10dd896d\" data-element_type=\"column\" data-e-type=\"column\">\n\t\t\t<div class=\"elementor-widget-wrap elementor-element-populated\">\n\t\t\t\t\t\t<div class=\"elementor-element elementor-element-2b5fcb48 elementor-widget elementor-widget-text-editor\" data-id=\"2b5fcb48\" data-element_type=\"widget\" data-e-type=\"widget\" data-widget_type=\"text-editor.default\">\n\t\t\t\t<div class=\"elementor-widget-container\">\n\t\t\t\t\t\t\t\t\t<p>Les locations \u00e0 la semaine se font du samedi au samedi (arriv\u00e9e \u00e0 partir de 17h, d\u00e9part jusqu&rsquo;\u00e0 10h).<\/p><p>En saison creuse, nous proposons \u00e9galement des locations pour le WE (du vendredi 17h au dimanche 17h) ou pour une \u00ab\u00a0petite semaine\u00a0\u00bb (mid-week : du lundi 17h au vendredi 10h). N&rsquo;h\u00e9sitez pas \u00e0 <a href=\"https:\/\/location-vernay.com\/wordpress\/contact\/\">vous renseigner<\/a>&#8230;<\/p>\t\t\t\t\t\t\t\t<\/div>\n\t\t\t\t<\/div>\n\t\t\t\t\t<\/div>\n\t\t<\/div>\n\t\t\t\t\t<\/div>\n\t\t<\/section>\n\t\t\t\t<section class=\"elementor-section elementor-top-section elementor-element elementor-element-f1f4834 elementor-section-boxed elementor-section-height-default elementor-section-height-default\" data-id=\"f1f4834\" data-element_type=\"section\" data-e-type=\"section\">\n\t\t\t\t\t\t<div class=\"elementor-container elementor-column-gap-default\">\n\t\t\t\t\t<div class=\"elementor-column elementor-col-100 elementor-top-column elementor-element elementor-element-714c3bd\" data-id=\"714c3bd\" data-element_type=\"column\" data-e-type=\"column\">\n\t\t\t<div class=\"elementor-widget-wrap elementor-element-populated\">\n\t\t\t\t\t\t<div class=\"elementor-element elementor-element-4bcf5cd elementor-widget elementor-widget-text-editor\" data-id=\"4bcf5cd\" data-element_type=\"widget\" data-e-type=\"widget\" data-widget_type=\"text-editor.default\">\n\t\t\t\t<div class=\"elementor-widget-container\">\n\t\t\t\t\t\t\t\t\t<script type=\"text\/javascript\" charset=\"utf-8\" src=\"https:\/\/www.france-voyage.com\/external\/pro\/calendrier.php?id=94335&#038;lang=fr&#038;nb=12&#038;mode=ds\"><\/script>\t\t\t\t\t\t\t\t<\/div>\n\t\t\t\t<\/div>\n\t\t\t\t\t<\/div>\n\t\t<\/div>\n\t\t\t\t\t<\/div>\n\t\t<\/section>\n\t\t\t\t<section class=\"elementor-section elementor-top-section elementor-element elementor-element-bcaebce elementor-section-boxed elementor-section-height-default elementor-section-height-default\" data-id=\"bcaebce\" data-element_type=\"section\" data-e-type=\"section\">\n\t\t\t\t\t\t<div class=\"elementor-container elementor-column-gap-default\">\n\t\t\t\t\t<div class=\"elementor-column elementor-col-100 elementor-top-column elementor-element elementor-element-d9256a5\" data-id=\"d9256a5\" data-element_type=\"column\" data-e-type=\"column\">\n\t\t\t<div class=\"elementor-widget-wrap elementor-element-populated\">\n\t\t\t\t\t\t<section class=\"elementor-section elementor-inner-section elementor-element elementor-element-d456c0f elementor-section-boxed elementor-section-height-default elementor-section-height-default\" data-id=\"d456c0f\" data-element_type=\"section\" data-e-type=\"section\">\n\t\t\t\t\t\t<div class=\"elementor-container elementor-column-gap-default\">\n\t\t\t\t\t<div class=\"elementor-column elementor-col-50 elementor-inner-column elementor-element elementor-element-b138874\" data-id=\"b138874\" data-element_type=\"column\" data-e-type=\"column\">\n\t\t\t<div class=\"elementor-widget-wrap\">\n\t\t\t\t\t\t\t<\/div>\n\t\t<\/div>\n\t\t\t\t<div class=\"elementor-column elementor-col-50 elementor-inner-column elementor-element elementor-element-4c44d8e\" data-id=\"4c44d8e\" data-element_type=\"column\" data-e-type=\"column\">\n\t\t\t<div class=\"elementor-widget-wrap\">\n\t\t\t\t\t\t\t<\/div>\n\t\t<\/div>\n\t\t\t\t\t<\/div>\n\t\t<\/section>\n\t\t\t\t\t<\/div>\n\t\t<\/div>\n\t\t\t\t\t<\/div>\n\t\t<\/section>\n\t\t\t\t<section class=\"elementor-section elementor-top-section elementor-element elementor-element-b43aedb elementor-section-boxed elementor-section-height-default elementor-section-height-default\" data-id=\"b43aedb\" data-element_type=\"section\" data-e-type=\"section\">\n\t\t\t\t\t\t<div class=\"elementor-container elementor-column-gap-default\">\n\t\t\t\t\t<div class=\"elementor-column elementor-col-100 elementor-top-column elementor-element elementor-element-92f706e\" data-id=\"92f706e\" data-element_type=\"column\" data-e-type=\"column\">\n\t\t\t<div class=\"elementor-widget-wrap elementor-element-populated\">\n\t\t\t\t\t\t\t<\/div>\n\t\t<\/div>\n\t\t\t\t\t<\/div>\n\t\t<\/section>\n\t\t\t\t<\/div>\n\t\t","protected":false},"excerpt":{"rendered":"<p>Les locations \u00e0 la semaine se font du samedi au samedi (arriv\u00e9e \u00e0 partir de 17h, d\u00e9part jusqu&rsquo;\u00e0 10h). En saison creuse, nous proposons \u00e9galement des locations pour le WE (du vendredi 17h au dimanche 17h) ou pour une \u00ab\u00a0petite semaine\u00a0\u00bb (mid-week : du lundi 17h au vendredi 10h). N&rsquo;h\u00e9sitez pas \u00e0 vous renseigner&#8230;<\/p>\n","protected":false},"author":1,"featured_media":0,"parent":0,"menu_order":0,"comment_status":"closed","ping_status":"closed","template":"","meta":{"ngg_post_thumbnail":0,"footnotes":""},"class_list":["post-145","page","type-page","status-publish","hentry"],"_links":{"self":[{"href":"https:\/\/location-vernay.com\/wordpress\/wp-json\/wp\/v2\/pages\/145","targetHints":{"allow":["GET"]}}],"collection":[{"href":"https:\/\/location-vernay.com\/wordpress\/wp-json\/wp\/v2\/pages"}],"about":[{"href":"https:\/\/location-vernay.com\/wordpress\/wp-json\/wp\/v2\/types\/page"}],"author":[{"embeddable":true,"href":"https:\/\/location-vernay.com\/wordpress\/wp-json\/wp\/v2\/users\/1"}],"replies":[{"embeddable":true,"href":"https:\/\/location-vernay.com\/wordpress\/wp-json\/wp\/v2\/comments?post=145"}],"version-history":[{"count":126,"href":"https:\/\/location-vernay.com\/wordpress\/wp-json\/wp\/v2\/pages\/145\/revisions"}],"predecessor-version":[{"id":1829,"href":"https:\/\/location-vernay.com\/wordpress\/wp-json\/wp\/v2\/pages\/145\/revisions\/1829"}],"wp:attachment":[{"href":"https:\/\/location-vernay.com\/wordpress\/wp-json\/wp\/v2\/media?parent=145"}],"curies":[{"name":"wp","href":"https:\/\/api.w.org\/{rel}","templated":true}]}}