{"id":392,"date":"2014-01-26T00:02:31","date_gmt":"2014-01-25T23:02:31","guid":{"rendered":"http:\/\/location-vernay.com\/wordpress\/?page_id=392"},"modified":"2026-02-04T18:06:57","modified_gmt":"2026-02-04T17:06:57","slug":"equipement","status":"publish","type":"page","link":"https:\/\/location-vernay.com\/wordpress\/equipement\/","title":{"rendered":"\u00c9quipement"},"content":{"rendered":"<ul>\n<li style=\"list-style-type: none;\">\n<ul>\n<li>Cuisine : four, lave-vaisselle, plaque de cuisson (3 Gaz + 1 \u00c9lectricit\u00e9), r\u00e9frig\u00e9rateur cong\u00e9lateur, hotte aspirante, micro-ondes, nombreux rangements, table, chaises et toute vaisselle, cocotte-minute, grill pain, robot, bouilloire, cafeti\u00e8re, fer \u00e0 repasser\u2026<\/li>\n<li>Salon : TV \u00e9cran plat TNT avec t\u00e9l\u00e9commande, lecteur DVD (avec pr\u00eat de films), canap\u00e9 lit 140\u00d7190 pour couchage 2 personnes, table basse, \u00e9tag\u00e8res.<\/li>\n<li>Chambre&nbsp;: 1 lit King Size 180\u00d7200cm pouvant \u00eatre configur\u00e9 en 2 lits 90x200cm avec dessus de lit, prot\u00e8ge-matelas, couettes, oreillers, prot\u00e8ge-oreillers, 2 placards dressing, 1 miroir, 2 commodes, 1 bureau, 1 chaise, 1 aspirateur, TV.<\/li>\n<li>Salle de Bains : Carrel\u00e9e sol et murs, meuble vasque avec mitigeur, miroir 2 spots, VMC, douche \u00e0 l\u2019italienne avec porte vitr\u00e9e 90\u00d790, WC suspendu, s\u00e8che-serviettes, s\u00e8che-cheveux<\/li>\n<li>Sous-sol : machine \u00e0 laver, table \u00e0 repasser, 1 gu\u00e9ridon, et WC s\u00e9par\u00e9 avec lave-mains et meuble d\u2019appoint<\/li>\n<li>Jardin : Chalet en bois abritant \u00e9tendoir \u00e0 linge, 2 chaises longues, 2 fauteuils relax avec coussins, 1 plancha. Tonnelle, table de jardin et 6 fauteuils.<\/li>\n<li>Chauffage central au gaz, climatisation avec t\u00e9l\u00e9commande<\/li>\n<li>Volets roulants \u00e9lectriques, stores et voilages d\u00e9co<\/li>\n<li>Internet WIFI<\/li>\n<\/ul>\n<\/li>\n<li>Produits m\u00e9nagers et tapis de bain disponibles gratuitement dans le g\u00eete<\/li>\n<\/ul>\n<pre><b>SERVICES OPTIONNELS&nbsp;:<\/b><\/pre>\n<ul>\n<li>Lits faits \u00e0 l&rsquo;arriv\u00e9e&nbsp; &nbsp; &nbsp; &nbsp; &nbsp; &nbsp; &nbsp; &nbsp;Tarif : 20\u20ac par lit<\/li>\n<li>M\u00e9nage de fin de s\u00e9jour &nbsp; &nbsp;&nbsp; Tarif : 90\u20ac<\/li>\n<\/ul>\n<p>&nbsp;<\/p>\n<p>&nbsp;<\/p>\n\n\n<p><\/p>\n","protected":false},"excerpt":{"rendered":"<p>Cuisine : four, lave-vaisselle, plaque de cuisson (3 Gaz + 1 \u00c9lectricit\u00e9), r\u00e9frig\u00e9rateur cong\u00e9lateur, hotte aspirante, micro-ondes, nombreux rangements, table, chaises et toute vaisselle, cocotte-minute, grill pain, robot, bouilloire, cafeti\u00e8re, fer \u00e0 repasser\u2026 Salon : TV \u00e9cran plat TNT avec t\u00e9l\u00e9commande, lecteur DVD (avec pr\u00eat de films), canap\u00e9 lit 140\u00d7190 pour couchage 2 personnes, table&#8230; <\/p>\n<div class=\"link-more\"><a href=\"https:\/\/location-vernay.com\/wordpress\/equipement\/\">En savoir plus<\/a><\/div>\n","protected":false},"author":1,"featured_media":0,"parent":0,"menu_order":0,"comment_status":"closed","ping_status":"open","template":"","meta":{"ngg_post_thumbnail":0,"footnotes":""},"class_list":["post-392","page","type-page","status-publish","hentry"],"_links":{"self":[{"href":"https:\/\/location-vernay.com\/wordpress\/wp-json\/wp\/v2\/pages\/392","targetHints":{"allow":["GET"]}}],"collection":[{"href":"https:\/\/location-vernay.com\/wordpress\/wp-json\/wp\/v2\/pages"}],"about":[{"href":"https:\/\/location-vernay.com\/wordpress\/wp-json\/wp\/v2\/types\/page"}],"author":[{"embeddable":true,"href":"https:\/\/location-vernay.com\/wordpress\/wp-json\/wp\/v2\/users\/1"}],"replies":[{"embeddable":true,"href":"https:\/\/location-vernay.com\/wordpress\/wp-json\/wp\/v2\/comments?post=392"}],"version-history":[{"count":21,"href":"https:\/\/location-vernay.com\/wordpress\/wp-json\/wp\/v2\/pages\/392\/revisions"}],"predecessor-version":[{"id":1809,"href":"https:\/\/location-vernay.com\/wordpress\/wp-json\/wp\/v2\/pages\/392\/revisions\/1809"}],"wp:attachment":[{"href":"https:\/\/location-vernay.com\/wordpress\/wp-json\/wp\/v2\/media?parent=392"}],"curies":[{"name":"wp","href":"https:\/\/api.w.org\/{rel}","templated":true}]}}