{"id":46,"date":"2013-11-11T18:30:56","date_gmt":"2013-11-11T17:30:56","guid":{"rendered":"http:\/\/location-vernay.com\/wordpress\/?page_id=46"},"modified":"2024-02-23T11:26:41","modified_gmt":"2024-02-23T10:26:41","slug":"accueil","status":"publish","type":"page","link":"https:\/\/location-vernay.com\/wordpress\/","title":{"rendered":"Bienvenue"},"content":{"rendered":"<script>fsg_json['fsg_post_46'] = [\n{id: 1143, image: 'https:\/\/location-vernay.com\/wordpress\/wp-content\/uploads\/2020\/04\/1-Ext\u00e9rieur-vu-den-haut-scaled.jpg', extlink: '', thumb: 'https:\/\/location-vernay.com\/wordpress\/wp-content\/uploads\/2020\/04\/1-Ext\u00e9rieur-vu-den-haut-150x150.jpg', permalink: '<div class=\"galleria-layeritem\"><a title=\"Permalink\" href=\"https:\/\/location-vernay.com\/wordpress\/#1143\"><div class=\"galleria-link-bookmark\"><\/div><\/a><\/div>', layer: '<div class=\"galleria-infolayer\"><div class=\"galleria-layeritem\" style=\"padding-right: 20px;\"><h1>1 Ext\u00e9rieur vu d\\'en haut<\/h1><p class=\\\"galleria-info-camera\\\">Sony E5823 at 4mm and f\/2, 1\/32sec, ISO 40<\/p><\/div><div class=\"galleria-layeritem\"><a id=\"fsg_map_btn\" title=\"Open Map\" href=\"#\" onclick=\"open_map(45.137724444444,5.8239380555556);\"><div class=\"galleria-link-map\"><\/div><\/a><\/div><div class=\"galleria-layeritem\"><a title=\"Permalink\" href=\"https:\/\/location-vernay.com\/wordpress\/#1143\"><div class=\"galleria-link-bookmark\"><\/div><\/a><\/div><div class=\"galleria-layeritem\" style=\"padding-right: 20px;\"><\/div>'},\n{id: 726, image: 'https:\/\/location-vernay.com\/wordpress\/wp-content\/uploads\/2016\/04\/P1070574.jpg', extlink: '', thumb: 'https:\/\/location-vernay.com\/wordpress\/wp-content\/uploads\/2016\/04\/P1070574-150x150.jpg', permalink: '<div class=\"galleria-layeritem\"><a title=\"Permalink\" href=\"https:\/\/location-vernay.com\/wordpress\/#726\"><div class=\"galleria-link-bookmark\"><\/div><\/a><\/div>', layer: '<div class=\"galleria-infolayer\"><div class=\"galleria-layeritem\" style=\"padding-right: 20px;\"><h1>P1070574<\/h1><p class=\\\"galleria-info-camera\\\">Panasonic DMC-TZ10 at 4mm and f\/4, 1\/500sec, ISO 80<\/p><\/div><div class=\"galleria-layeritem\"><a title=\"Permalink\" href=\"https:\/\/location-vernay.com\/wordpress\/#726\"><div class=\"galleria-link-bookmark\"><\/div><\/a><\/div><div class=\"galleria-layeritem\" style=\"padding-right: 20px;\"><\/div>'}\n];<\/script>\n<p>Au c\u0153ur de la station thermale d&rsquo;Uriage-les-Bains, \u00e0 quelques minutes de Grenoble (capitale des Alpes en Is\u00e8re), de Vizille (berceau de la R\u00e9volution Fran\u00e7aise, son Ch\u00e2teau et ses Jardins Remarquables) et de Chamrousse, (station olympique, ski alpin et ski nordique), nous sommes heureux de vous recevoir pour tous vos s\u00e9jours touristiques, de bien-\u00eatre, ou d\u00e9placements d&rsquo;affaires.<\/p>\n<p><a data-postid=\"fsg_post_46\" data-imgid=\"1143\" href=\"https:\/\/location-vernay.com\/wordpress\/wp-content\/uploads\/2020\/04\/1-Ext\u00e9rieur-vu-den-haut-scaled.jpg\"><img fetchpriority=\"high\" decoding=\"async\" class=\"alignleft wp-image-1143\" src=\"https:\/\/location-vernay.com\/wordpress\/wp-content\/uploads\/2020\/04\/1-Ext\u00e9rieur-vu-den-haut-scaled.jpg\" alt=\"\" width=\"441\" height=\"248\" srcset=\"https:\/\/location-vernay.com\/wordpress\/wp-content\/uploads\/2020\/04\/1-Ext\u00e9rieur-vu-den-haut-scaled.jpg 2560w, https:\/\/location-vernay.com\/wordpress\/wp-content\/uploads\/2020\/04\/1-Ext\u00e9rieur-vu-den-haut-300x169.jpg 300w, https:\/\/location-vernay.com\/wordpress\/wp-content\/uploads\/2020\/04\/1-Ext\u00e9rieur-vu-den-haut-1024x576.jpg 1024w, https:\/\/location-vernay.com\/wordpress\/wp-content\/uploads\/2020\/04\/1-Ext\u00e9rieur-vu-den-haut-768x432.jpg 768w, https:\/\/location-vernay.com\/wordpress\/wp-content\/uploads\/2020\/04\/1-Ext\u00e9rieur-vu-den-haut-1536x864.jpg 1536w, https:\/\/location-vernay.com\/wordpress\/wp-content\/uploads\/2020\/04\/1-Ext\u00e9rieur-vu-den-haut-2048x1152.jpg 2048w\" sizes=\"(max-width: 441px) 100vw, 441px\" \/><\/a>Id\u00e9alement situ\u00e9 entre les Thermes, le Golf et le Casino, \u00ab\u00a0Le Clos Fleuri Uriage\u00a0\u00bb, g\u00eete class\u00e9 4* au Classement Pr\u00e9fecture des Meubl\u00e9s de Tourisme, et 3 \u00e9pis aux G\u00eetes de France, est une maison de 40m\u00b2 am\u00e9nag\u00e9e pour 2 personnes. Nous pouvons accueillir confortablement deux personnes suppl\u00e9mentaires \u00e0 la demande (soit 4 personnes au total).<\/p>\n<p>Dans un&nbsp; environnement calme avec jardin privatif, le g\u00eete est ouvert toute l&rsquo;ann\u00e9e.<\/p>\n<h2>Chez nous<\/h2>\n<p>Nous demeurons sur place dans un b\u00e2timent s\u00e9par\u00e9. Notre maison est reli\u00e9e au g\u00eete par un passage couvert. Vous b\u00e9n\u00e9ficiez de notre pr\u00e9sence \u00e0 proximit\u00e9 (conseils, bonnes adresses\u2026.)&nbsp;&nbsp; tout en conservant votre ind\u00e9pendance.<\/p>\n<p><a data-postid=\"fsg_post_46\" data-imgid=\"726\" href=\"https:\/\/location-vernay.com\/wordpress\/wp-content\/uploads\/2016\/04\/P1070574.jpg\"><img decoding=\"async\" class=\"alignleft wp-image-726\" src=\"https:\/\/location-vernay.com\/wordpress\/wp-content\/uploads\/2016\/04\/P1070574.jpg\" alt=\"P1070574\" width=\"319\" height=\"189\" srcset=\"https:\/\/location-vernay.com\/wordpress\/wp-content\/uploads\/2016\/04\/P1070574.jpg 2119w, https:\/\/location-vernay.com\/wordpress\/wp-content\/uploads\/2016\/04\/P1070574-300x178.jpg 300w, https:\/\/location-vernay.com\/wordpress\/wp-content\/uploads\/2016\/04\/P1070574-768x454.jpg 768w, https:\/\/location-vernay.com\/wordpress\/wp-content\/uploads\/2016\/04\/P1070574-1024x606.jpg 1024w\" sizes=\"(max-width: 319px) 100vw, 319px\" \/><\/a><\/p>\n<p>Nous vous recevons avec simplicit\u00e9 et&nbsp; avec toute notre attention afin que votre s\u00e9jour vous procure bien-\u00eatre et tranquillit\u00e9.&nbsp;<\/p>\n<p>Anne-Marie et Patrick<\/p>\n<h1>&nbsp;<\/h1>\n<h2>Avis clients&nbsp;<\/h2>\n<p>&nbsp;<br \/>\n<script type=\"text\/javascript\" charset=\"utf-8\" src=\"https:\/\/www.france-voyage.com\/external\/pro\/appreciations.php?id=94335&amp;lang=fr&amp;nb=5&amp;details=avec&amp;lienajout=hautetbas&amp;lienplus=avec\"><\/script><\/p>\n","protected":false},"excerpt":{"rendered":"<p>Au c\u0153ur de la station thermale d&rsquo;Uriage-les-Bains, \u00e0 quelques minutes de Grenoble (capitale des Alpes en Is\u00e8re), de Vizille (berceau de la R\u00e9volution Fran\u00e7aise, son Ch\u00e2teau et ses Jardins Remarquables) et de Chamrousse, (station olympique, ski alpin et ski nordique), nous sommes heureux de vous recevoir pour tous vos s\u00e9jours touristiques, de bien-\u00eatre, ou d\u00e9placements&#8230; <\/p>\n<div class=\"link-more\"><a href=\"https:\/\/location-vernay.com\/wordpress\/\">En savoir plus<\/a><\/div>\n","protected":false},"author":1,"featured_media":0,"parent":0,"menu_order":0,"comment_status":"closed","ping_status":"closed","template":"","meta":{"ngg_post_thumbnail":0,"footnotes":""},"class_list":["post-46","page","type-page","status-publish","hentry"],"_links":{"self":[{"href":"https:\/\/location-vernay.com\/wordpress\/wp-json\/wp\/v2\/pages\/46","targetHints":{"allow":["GET"]}}],"collection":[{"href":"https:\/\/location-vernay.com\/wordpress\/wp-json\/wp\/v2\/pages"}],"about":[{"href":"https:\/\/location-vernay.com\/wordpress\/wp-json\/wp\/v2\/types\/page"}],"author":[{"embeddable":true,"href":"https:\/\/location-vernay.com\/wordpress\/wp-json\/wp\/v2\/users\/1"}],"replies":[{"embeddable":true,"href":"https:\/\/location-vernay.com\/wordpress\/wp-json\/wp\/v2\/comments?post=46"}],"version-history":[{"count":69,"href":"https:\/\/location-vernay.com\/wordpress\/wp-json\/wp\/v2\/pages\/46\/revisions"}],"predecessor-version":[{"id":1587,"href":"https:\/\/location-vernay.com\/wordpress\/wp-json\/wp\/v2\/pages\/46\/revisions\/1587"}],"wp:attachment":[{"href":"https:\/\/location-vernay.com\/wordpress\/wp-json\/wp\/v2\/media?parent=46"}],"curies":[{"name":"wp","href":"https:\/\/api.w.org\/{rel}","templated":true}]}}