{"id":52,"date":"2013-11-11T18:35:12","date_gmt":"2013-11-11T17:35:12","guid":{"rendered":"http:\/\/location-vernay.com\/wordpress\/?page_id=52"},"modified":"2024-02-23T11:37:05","modified_gmt":"2024-02-23T10:37:05","slug":"description","status":"publish","type":"page","link":"https:\/\/location-vernay.com\/wordpress\/description\/","title":{"rendered":"Description"},"content":{"rendered":"<p><span style=\"font-size: medium;\">Maison ind\u00e9pendante de 40m\u00b2 organis\u00e9e sur 2 niveaux d&rsquo;une capacit\u00e9 de 2 personnes, avec acc\u00e8s de plain pied ,&nbsp; jardin privatif et pergola + sous-sol avec buanderie + chalet de jardin.<\/span><\/p>\n<p><span style=\"font-size: medium;\">Possibilit\u00e9 de surcapacit\u00e9 payante pour 2 personnes (soit 4 personnes au total).<br \/>\n<\/span><\/p>\n<hr>\n<blockquote>\n<p style=\"text-align: left;\">Classement Pr\u00e9fecture 4 \u00e9toiles&nbsp;&nbsp; &#8211; &nbsp; G\u00eetes de France 3 \u00e9pis<\/p>\n<\/blockquote>\n<ul>\n<li><span style=\"font-size: medium;\">Climatis\u00e9e <\/span><\/li>\n<li><span style=\"font-size: medium;\">Au calme<br \/>\n<\/span><\/li>\n<li><span style=\"font-size: medium;\">Tr\u00e8s lumineuse<\/span><\/li>\n<li><span style=\"font-size: medium;\">Proche des commerces <\/span><\/li>\n<li><span style=\"font-size: medium;\">A 700 m des Thermes (on s\u2019y rend \u00e0 pieds en traversant le Parc) <\/span><\/li>\n<li><span style=\"font-size: medium;\">A 400m du Golf<br \/>\n<\/span><\/li>\n<li><span style=\"font-size: medium;\">March\u00e9 sur place le lundi matin<br \/>\n<\/span><\/li>\n<\/ul>\n<p><span style=\"color: #000000;\"><span style=\"text-decoration: underline;\">En rez-de-jardin<\/span> : C<span id=\"spanDescriptionEnvir\" class=\"spanDescription\">uisine \u00e9quip\u00e9e ouverte sur le salon salle \u00e0 manger (canap\u00e9-lit double) avec acc\u00e8s direct au jardin, tonnelle, salon de jardin &amp; barbecue. Fen\u00eatre avec vue sur le Ch\u00e2teau d&rsquo;Uriage.<\/span>&nbsp;&nbsp;&nbsp; <\/span><span style=\"color: #000000;\"><br \/>\n<\/span><\/p>\n<p><span style=\"text-decoration: underline;\"><span style=\"color: #333333; text-decoration: underline;\">A l&rsquo;\u00e9tage<\/span><\/span> : Grande chambre en mezzanine ouverte sur le salon, nombreux rangements,&nbsp; et salle de bains attenante avec douche et WC. Le lit King size (180&#215;200) peut \u00e9galement \u00eatre configur\u00e9 en 2 lits individuels (90&#215;200). N&rsquo;h\u00e9sitez pas \u00e0 nous demander la configuration souhait\u00e9e au moment de votre r\u00e9servation.<\/p>\n<p><span style=\"text-decoration: underline;\">Au sous-sol <\/span>: Buanderie avec lave-linge, et un 2<sup>e <\/sup>WC&nbsp; s\u00e9par\u00e9.<\/p>\n<p style=\"text-align: justify;\">&nbsp;<\/p>\n<pre><span style=\"font-size: medium;\"><a title=\"Equipement\" href=\"https:\/\/location-vernay.com\/wordpress\/equipement\/\">Consultez le d\u00e9tail des \u00e9quipements du g\u00eete.<\/a><\/span><\/pre>\n","protected":false},"excerpt":{"rendered":"<p>Maison ind\u00e9pendante de 40m\u00b2 organis\u00e9e sur 2 niveaux d&rsquo;une capacit\u00e9 de 2 personnes, avec acc\u00e8s de plain pied ,&nbsp; jardin privatif et pergola + sous-sol avec buanderie + chalet de jardin. Possibilit\u00e9 de surcapacit\u00e9 payante pour 2 personnes (soit 4 personnes au total). Classement Pr\u00e9fecture 4 \u00e9toiles&nbsp;&nbsp; &#8211; &nbsp; G\u00eetes de France 3 \u00e9pis Climatis\u00e9e&#8230; <\/p>\n<div class=\"link-more\"><a href=\"https:\/\/location-vernay.com\/wordpress\/description\/\">En savoir plus<\/a><\/div>\n","protected":false},"author":1,"featured_media":0,"parent":0,"menu_order":0,"comment_status":"closed","ping_status":"closed","template":"","meta":{"ngg_post_thumbnail":0,"footnotes":""},"class_list":["post-52","page","type-page","status-publish","hentry"],"_links":{"self":[{"href":"https:\/\/location-vernay.com\/wordpress\/wp-json\/wp\/v2\/pages\/52","targetHints":{"allow":["GET"]}}],"collection":[{"href":"https:\/\/location-vernay.com\/wordpress\/wp-json\/wp\/v2\/pages"}],"about":[{"href":"https:\/\/location-vernay.com\/wordpress\/wp-json\/wp\/v2\/types\/page"}],"author":[{"embeddable":true,"href":"https:\/\/location-vernay.com\/wordpress\/wp-json\/wp\/v2\/users\/1"}],"replies":[{"embeddable":true,"href":"https:\/\/location-vernay.com\/wordpress\/wp-json\/wp\/v2\/comments?post=52"}],"version-history":[{"count":51,"href":"https:\/\/location-vernay.com\/wordpress\/wp-json\/wp\/v2\/pages\/52\/revisions"}],"predecessor-version":[{"id":1588,"href":"https:\/\/location-vernay.com\/wordpress\/wp-json\/wp\/v2\/pages\/52\/revisions\/1588"}],"wp:attachment":[{"href":"https:\/\/location-vernay.com\/wordpress\/wp-json\/wp\/v2\/media?parent=52"}],"curies":[{"name":"wp","href":"https:\/\/api.w.org\/{rel}","templated":true}]}}