{"id":61,"date":"2013-11-11T18:44:10","date_gmt":"2013-11-11T17:44:10","guid":{"rendered":"http:\/\/location-vernay.com\/wordpress\/?page_id=61"},"modified":"2025-04-02T16:44:56","modified_gmt":"2025-04-02T15:44:56","slug":"a-proximite","status":"publish","type":"page","link":"https:\/\/location-vernay.com\/wordpress\/a-proximite\/","title":{"rendered":"A proximit\u00e9"},"content":{"rendered":"\t\t<div data-elementor-type=\"wp-page\" data-elementor-id=\"61\" class=\"elementor elementor-61\">\n\t\t\t\t\t\t<section class=\"elementor-section elementor-top-section elementor-element elementor-element-416cd3a4 elementor-section-boxed elementor-section-height-default elementor-section-height-default\" data-id=\"416cd3a4\" data-element_type=\"section\" data-e-type=\"section\">\n\t\t\t\t\t\t<div class=\"elementor-container elementor-column-gap-default\">\n\t\t\t\t\t<div class=\"elementor-column elementor-col-100 elementor-top-column elementor-element elementor-element-3fc4db9b\" data-id=\"3fc4db9b\" data-element_type=\"column\" data-e-type=\"column\">\n\t\t\t<div class=\"elementor-widget-wrap elementor-element-populated\">\n\t\t\t\t\t\t<div class=\"elementor-element elementor-element-47c2cd17 elementor-widget elementor-widget-text-editor\" data-id=\"47c2cd17\" data-element_type=\"widget\" data-e-type=\"widget\" data-widget_type=\"text-editor.default\">\n\t\t\t\t<div class=\"elementor-widget-container\">\n\t\t\t\t\t\t\t\t\t<ul>\n<li><span style=\"color: #993366;\"><a style=\"color: #993366;\" href=\"https:\/\/centre-thermal.uriage.com\/\" target=\"_blank\" rel=\"noopener noreferrer\"><strong>Uriage : un Centre Thermal unique<\/strong><\/a><\/span> &#8211; Cures en Dermatologie, ORL et Rhumatologie, mais aussi le SPA thermal, ouvert toute l&rsquo;ann\u00e9e, \u00e0 destination des curistes et de la client\u00e8le ext\u00e9rieure, qui propose une offre riche de soins de bien-\u00eatre.<\/li>\n<\/ul>\n<ul>\n<li><strong><span style=\"color: #993366;\"><a style=\"color: #993366;\" href=\"https:\/\/www.golfduriage.com\/\" target=\"_blank\" rel=\"noopener noreferrer\">Golf d&rsquo;Uriage<\/a><\/span> :&nbsp;<\/strong> Parcours 9 trous &#8211; 2011 m par 32 &#8211; Practice 15 postes.<\/li>\n<\/ul>\n<ul>\n<li><strong><span style=\"color: #993366;\"><a style=\"color: #993366;\" href=\"https:\/\/www.joa.fr\/casinos\/uriage\" target=\"_blank\" rel=\"noopener\">Casino d&rsquo;Uriage<\/a><\/span> : <\/strong>Machines \u00e0 sous, jeux de table.<strong><br><\/strong><\/li>\n<\/ul>\n<ul>\n<li><strong><a href=\"https:\/\/www.uriage-les-bains.com\" target=\"_blank\" rel=\"noopener noreferrer\"><span style=\"color: #993366;\">OTTU<\/span> :<\/a><\/strong> Office de Tourisme d&rsquo;Uriage. <a href=\"https:\/\/www.uriage-les-bains.com\/agenda\/\">Pour d\u00e9couvrir la station thermale, visiter, se loger, et trouver des id\u00e9es d&rsquo;activit\u00e9s ou d&rsquo;excursions. <span style=\"color: #993366;\"><em>Agenda \u00e9v\u00e9nements 2024-2025 <\/em><\/span><br><\/a><\/li>\n<\/ul>\n<ul>\n<li><a title=\"Chamrousse\" href=\"https:\/\/www.chamrousse.com\/chamrousse.html\" target=\"_blank\" rel=\"noopener noreferrer\"><strong><span style=\"color: #993366;\">Chamrousse<\/span> :<\/strong><\/a><strong> <\/strong>Station d&rsquo;hiver et d&rsquo;\u00e9t\u00e9 situ\u00e9e dans le somptueux massif de Belledonne, \u00e0 seulement 20 km d&rsquo;Uriage.&nbsp;Ski alpin, ski nordique, randonn\u00e9es&#8230;<\/li>\n<\/ul>\n<ul>\n<li><span style=\"color: #993366;\"><b><a style=\"color: #993366;\" href=\"https:\/\/www.grenoble-tourisme.com\/fr\/decouvrir\/lessentiel\/domaine-de-vizille\/\" target=\"_blank\" rel=\"noopener\">Le Domaine de Vizille<\/a><\/b><\/span><a href=\"https:\/\/musees.isere.fr\/musee\/domaine-de-vizille-musee-de-la-revolution-francaise\" target=\"_blank\" rel=\"noopener\"><strong> : <\/strong><\/a>Un site incontournable du patrimoine r\u00e9gional pour son Ch\u00e2teau et son parc paysager labellis\u00e9 \u00ab\u00a0Jardin Remarquable\u00a0\u00bb<\/li>\n<\/ul>\n<ul>\n<li><strong><a title=\"Lac de Laffrey\" href=\"https:\/\/www.isere-tourisme.com\/patrimoine-naturel\/lac-de-laffrey\" target=\"_blank\" rel=\"noopener noreferrer\"><span style=\"color: #993366;\">Le Lac de Laffrey<\/span> :<\/a><\/strong> Une bouff\u00e9e d&rsquo;air frais. P\u00eache, plong\u00e9e, randonn\u00e9es p\u00e9destres et pour les plus intr\u00e9pides parcours aventure, quad et paint-ball.<\/li>\n<\/ul>\n<ul>\n<li><a href=\"https:\/\/www.grenoble-tourisme.com\/fr\/decouvrir\/lessentiel\/le-telepherique\/\" target=\"_blank\" rel=\"noopener noreferrer\"><strong><span style=\"color: #993366;\">Le T\u00e9l\u00e9ph\u00e9rique de la Bastille<\/span> : <\/strong><\/a>Un point de vue rare de Grenoble, sur les Alpes&nbsp; jusqu&rsquo;au massif du Mont-Blanc. En quelques minutes, de jour comme de nuit, les c\u00e9l\u00e8bres \u00ab bulles \u00bb, vous \u00e9l\u00e8vent dans les airs du centre ancien de la ville jusqu&rsquo;au fort de la Bastille de Grenoble. Un site accessible \u00e0 tous, am\u00e9nag\u00e9 pour accueillir poussettes et personnes \u00e0 mobilit\u00e9 r\u00e9duite.<\/li>\n<\/ul>\t\t\t\t\t\t\t\t<\/div>\n\t\t\t\t<\/div>\n\t\t\t\t\t<\/div>\n\t\t<\/div>\n\t\t\t\t\t<\/div>\n\t\t<\/section>\n\t\t\t\t<\/div>\n\t\t","protected":false},"excerpt":{"rendered":"<p>Uriage : un Centre Thermal unique &#8211; Cures en Dermatologie, ORL et Rhumatologie, mais aussi le SPA thermal, ouvert toute l&rsquo;ann\u00e9e, \u00e0 destination des curistes et de la client\u00e8le ext\u00e9rieure, qui propose une offre riche de soins de bien-\u00eatre. Golf d&rsquo;Uriage :&nbsp; Parcours 9 trous &#8211; 2011 m par 32 &#8211; Practice 15 postes. Casino&#8230; <\/p>\n<div class=\"link-more\"><a href=\"https:\/\/location-vernay.com\/wordpress\/a-proximite\/\">En savoir plus<\/a><\/div>\n","protected":false},"author":1,"featured_media":0,"parent":0,"menu_order":0,"comment_status":"closed","ping_status":"closed","template":"","meta":{"ngg_post_thumbnail":0,"footnotes":""},"class_list":["post-61","page","type-page","status-publish","hentry"],"_links":{"self":[{"href":"https:\/\/location-vernay.com\/wordpress\/wp-json\/wp\/v2\/pages\/61","targetHints":{"allow":["GET"]}}],"collection":[{"href":"https:\/\/location-vernay.com\/wordpress\/wp-json\/wp\/v2\/pages"}],"about":[{"href":"https:\/\/location-vernay.com\/wordpress\/wp-json\/wp\/v2\/types\/page"}],"author":[{"embeddable":true,"href":"https:\/\/location-vernay.com\/wordpress\/wp-json\/wp\/v2\/users\/1"}],"replies":[{"embeddable":true,"href":"https:\/\/location-vernay.com\/wordpress\/wp-json\/wp\/v2\/comments?post=61"}],"version-history":[{"count":149,"href":"https:\/\/location-vernay.com\/wordpress\/wp-json\/wp\/v2\/pages\/61\/revisions"}],"predecessor-version":[{"id":1765,"href":"https:\/\/location-vernay.com\/wordpress\/wp-json\/wp\/v2\/pages\/61\/revisions\/1765"}],"wp:attachment":[{"href":"https:\/\/location-vernay.com\/wordpress\/wp-json\/wp\/v2\/media?parent=61"}],"curies":[{"name":"wp","href":"https:\/\/api.w.org\/{rel}","templated":true}]}}