{"id":69,"date":"2013-11-11T21:27:53","date_gmt":"2013-11-11T20:27:53","guid":{"rendered":"http:\/\/location-vernay.com\/wordpress\/?page_id=69"},"modified":"2024-01-18T14:42:09","modified_gmt":"2024-01-18T13:42:09","slug":"acces","status":"publish","type":"page","link":"https:\/\/location-vernay.com\/wordpress\/acces\/","title":{"rendered":"Acc\u00e8s"},"content":{"rendered":"\t\t<div data-elementor-type=\"wp-page\" data-elementor-id=\"69\" class=\"elementor elementor-69\">\n\t\t\t\t\t\t<section class=\"elementor-section elementor-top-section elementor-element elementor-element-5064d966 elementor-section-boxed elementor-section-height-default elementor-section-height-default\" data-id=\"5064d966\" data-element_type=\"section\" data-e-type=\"section\">\n\t\t\t\t\t\t<div class=\"elementor-container elementor-column-gap-default\">\n\t\t\t\t\t<div class=\"elementor-column elementor-col-100 elementor-top-column elementor-element elementor-element-4c79f46d\" data-id=\"4c79f46d\" data-element_type=\"column\" data-e-type=\"column\">\n\t\t\t<div class=\"elementor-widget-wrap elementor-element-populated\">\n\t\t\t\t\t\t<div class=\"elementor-element elementor-element-3d2c0b7 elementor-widget elementor-widget-image\" data-id=\"3d2c0b7\" data-element_type=\"widget\" data-e-type=\"widget\" data-widget_type=\"image.default\">\n\t\t\t\t<div class=\"elementor-widget-container\">\n\t\t\t\t\t\t\t\t\t\t\t\t\t\t\t<img fetchpriority=\"high\" decoding=\"async\" width=\"582\" height=\"745\" src=\"https:\/\/location-vernay.com\/wordpress\/wp-content\/uploads\/2024\/01\/planUriage.png\" class=\"attachment-large size-large wp-image-1492\" alt=\"\" srcset=\"https:\/\/location-vernay.com\/wordpress\/wp-content\/uploads\/2024\/01\/planUriage.png 582w, https:\/\/location-vernay.com\/wordpress\/wp-content\/uploads\/2024\/01\/planUriage-234x300.png 234w\" sizes=\"(max-width: 582px) 100vw, 582px\" \/>\t\t\t\t\t\t\t\t\t\t\t\t\t\t\t<\/div>\n\t\t\t\t<\/div>\n\t\t\t\t<div class=\"elementor-element elementor-element-211d1ff elementor-widget elementor-widget-text-editor\" data-id=\"211d1ff\" data-element_type=\"widget\" data-e-type=\"widget\" data-widget_type=\"text-editor.default\">\n\t\t\t\t<div class=\"elementor-widget-container\">\n\t\t\t\t\t\t\t\t\t<p><strong>\u00a0<\/strong><\/p><p><strong>A partir de Grenoble :<\/strong><\/p><ul><li>En voiture : Rocade sud, sortie n\u00b02 : direction Chamrousse, Gi\u00e8res, Uriage<\/li><\/ul><ul><li>En transport en commun : Tram B arr\u00eat Gi\u00e8res-Gare SNCF : correspondance avec la ligne de bus Transis\u00e8re 6050-6051\u00a0 ou Ligne Proximo 23<\/li><\/ul>\t\t\t\t\t\t\t\t<\/div>\n\t\t\t\t<\/div>\n\t\t\t\t\t<\/div>\n\t\t<\/div>\n\t\t\t\t\t<\/div>\n\t\t<\/section>\n\t\t\t\t<section class=\"elementor-section elementor-top-section elementor-element elementor-element-6a4f87c elementor-section-boxed elementor-section-height-default elementor-section-height-default\" data-id=\"6a4f87c\" data-element_type=\"section\" data-e-type=\"section\">\n\t\t\t\t\t\t<div class=\"elementor-container elementor-column-gap-default\">\n\t\t\t\t\t<div class=\"elementor-column elementor-col-100 elementor-top-column elementor-element elementor-element-de4d24c\" data-id=\"de4d24c\" data-element_type=\"column\" data-e-type=\"column\">\n\t\t\t<div class=\"elementor-widget-wrap elementor-element-populated\">\n\t\t\t\t\t\t<div class=\"elementor-element elementor-element-2706d3d elementor-widget elementor-widget-google_maps\" data-id=\"2706d3d\" data-element_type=\"widget\" data-e-type=\"widget\" data-settings=\"{&quot;_animation&quot;:&quot;none&quot;}\" data-widget_type=\"google_maps.default\">\n\t\t\t\t<div class=\"elementor-widget-container\">\n\t\t\t\t\t\t\t<div class=\"elementor-custom-embed\">\n\t\t\t<iframe loading=\"lazy\"\n\t\t\t\t\tsrc=\"https:\/\/maps.google.com\/maps?q=G%C3%AEte%20Le%20Clos%20Fleuri%20Uriage&#038;t=m&#038;z=16&#038;output=embed&#038;iwloc=near\"\n\t\t\t\t\ttitle=\"G\u00eete Le Clos Fleuri Uriage\"\n\t\t\t\t\taria-label=\"G\u00eete Le Clos Fleuri Uriage\"\n\t\t\t><\/iframe>\n\t\t<\/div>\n\t\t\t\t\t\t<\/div>\n\t\t\t\t<\/div>\n\t\t\t\t\t<\/div>\n\t\t<\/div>\n\t\t\t\t\t<\/div>\n\t\t<\/section>\n\t\t\t\t<\/div>\n\t\t","protected":false},"excerpt":{"rendered":"<p>\u00a0 A partir de Grenoble : En voiture : Rocade sud, sortie n\u00b02 : direction Chamrousse, Gi\u00e8res, Uriage En transport en commun : Tram B arr\u00eat Gi\u00e8res-Gare SNCF : correspondance avec la ligne de bus Transis\u00e8re 6050-6051\u00a0 ou Ligne Proximo 23<\/p>\n","protected":false},"author":1,"featured_media":0,"parent":0,"menu_order":0,"comment_status":"closed","ping_status":"closed","template":"","meta":{"ngg_post_thumbnail":0,"footnotes":""},"class_list":["post-69","page","type-page","status-publish","hentry"],"_links":{"self":[{"href":"https:\/\/location-vernay.com\/wordpress\/wp-json\/wp\/v2\/pages\/69","targetHints":{"allow":["GET"]}}],"collection":[{"href":"https:\/\/location-vernay.com\/wordpress\/wp-json\/wp\/v2\/pages"}],"about":[{"href":"https:\/\/location-vernay.com\/wordpress\/wp-json\/wp\/v2\/types\/page"}],"author":[{"embeddable":true,"href":"https:\/\/location-vernay.com\/wordpress\/wp-json\/wp\/v2\/users\/1"}],"replies":[{"embeddable":true,"href":"https:\/\/location-vernay.com\/wordpress\/wp-json\/wp\/v2\/comments?post=69"}],"version-history":[{"count":48,"href":"https:\/\/location-vernay.com\/wordpress\/wp-json\/wp\/v2\/pages\/69\/revisions"}],"predecessor-version":[{"id":1529,"href":"https:\/\/location-vernay.com\/wordpress\/wp-json\/wp\/v2\/pages\/69\/revisions\/1529"}],"wp:attachment":[{"href":"https:\/\/location-vernay.com\/wordpress\/wp-json\/wp\/v2\/media?parent=69"}],"curies":[{"name":"wp","href":"https:\/\/api.w.org\/{rel}","templated":true}]}}